{"id":4627,"date":"2022-11-21T22:09:47","date_gmt":"2022-11-22T03:09:47","guid":{"rendered":"https:\/\/robinrosenbergfineart.com\/wp2022\/contact\/"},"modified":"2025-11-03T15:57:41","modified_gmt":"2025-11-03T20:57:41","slug":"contact","status":"publish","type":"page","link":"https:\/\/robinrosenbergfineart.com\/fr\/contact\/","title":{"rendered":"Contact"},"content":{"rendered":"\t\t<div data-elementor-type=\"wp-page\" data-elementor-id=\"4627\" class=\"elementor elementor-4627\">\n\t\t\t\t\t\t<section class=\"elementor-section elementor-top-section elementor-element elementor-element-0ea2ff3 elementor-section-height-min-height elementor-section-boxed elementor-section-height-default elementor-section-items-middle\" data-id=\"0ea2ff3\" data-element_type=\"section\" data-e-type=\"section\" data-settings=\"{&quot;background_background&quot;:&quot;classic&quot;}\">\n\t\t\t\t\t\t<div class=\"elementor-container elementor-column-gap-default\">\n\t\t\t\t\t<div class=\"elementor-column elementor-col-100 elementor-top-column elementor-element elementor-element-30c14e2\" data-id=\"30c14e2\" data-element_type=\"column\" data-e-type=\"column\">\n\t\t\t<div class=\"elementor-widget-wrap elementor-element-populated\">\n\t\t\t\t\t\t<div class=\"elementor-element elementor-element-b4ff911 elementor-widget elementor-widget-spacer\" data-id=\"b4ff911\" data-element_type=\"widget\" data-e-type=\"widget\" data-widget_type=\"spacer.default\">\n\t\t\t\t<div class=\"elementor-widget-container\">\n\t\t\t\t\t\t\t<div class=\"elementor-spacer\">\n\t\t\t<div class=\"elementor-spacer-inner\"><\/div>\n\t\t<\/div>\n\t\t\t\t\t\t<\/div>\n\t\t\t\t<\/div>\n\t\t\t\t\t<\/div>\n\t\t<\/div>\n\t\t\t\t\t<\/div>\n\t\t<\/section>\n\t\t\t\t<section class=\"elementor-section elementor-top-section elementor-element elementor-element-98be39e elementor-section-boxed elementor-section-height-default elementor-section-height-default\" data-id=\"98be39e\" data-element_type=\"section\" data-e-type=\"section\" id=\"acquisitions\">\n\t\t\t\t\t\t<div class=\"elementor-container elementor-column-gap-wide\">\n\t\t\t\t\t<div class=\"elementor-column elementor-col-50 elementor-top-column elementor-element elementor-element-d513e91\" data-id=\"d513e91\" data-element_type=\"column\" data-e-type=\"column\">\n\t\t\t<div class=\"elementor-widget-wrap elementor-element-populated\">\n\t\t\t\t\t\t<div class=\"elementor-element elementor-element-a0ff727 elementor-widget elementor-widget-heading\" data-id=\"a0ff727\" data-element_type=\"widget\" data-e-type=\"widget\" data-widget_type=\"heading.default\">\n\t\t\t\t<div class=\"elementor-widget-container\">\n\t\t\t\t\t<h2 class=\"elementor-heading-title elementor-size-default\">Contact<\/h2>\t\t\t\t<\/div>\n\t\t\t\t<\/div>\n\t\t\t\t<div class=\"elementor-element elementor-element-23e9762 elementor-widget elementor-widget-text-editor\" data-id=\"23e9762\" data-element_type=\"widget\" data-e-type=\"widget\" data-widget_type=\"text-editor.default\">\n\t\t\t\t<div class=\"elementor-widget-container\">\n\t\t\t\t\t\t\t\t\t<p>Nous avons votre vie priv\u00e9e \u00e0 c\u0153ur et vos renseignements demeureront confidentiels. Transmettez-nous votre liste de souhaits personnelle et, gr\u00e2ce \u00e0 notre vaste r\u00e9seau international, nous pouvons vous aider \u00e0 acheter ou \u00e0 vendre des \u0153uvres d\u2019art sp\u00e9cifiques.<\/p><p><strong>Robin Rosenberg Fine Art n\u2019accepte pas de propositions d\u2019artiste spontan\u00e9es.<\/strong><\/p>\t\t\t\t\t\t\t\t<\/div>\n\t\t\t\t<\/div>\n\t\t\t\t<div class=\"elementor-element elementor-element-4503297 elementor-widget elementor-widget-image\" data-id=\"4503297\" data-element_type=\"widget\" data-e-type=\"widget\" data-widget_type=\"image.default\">\n\t\t\t\t<div class=\"elementor-widget-container\">\n\t\t\t\t\t\t\t\t\t\t\t\t\t\t\t<img fetchpriority=\"high\" decoding=\"async\" width=\"912\" height=\"740\" src=\"https:\/\/robinrosenbergfineart.com\/wp-content\/uploads\/2025\/11\/our-team-2025.jpg\" class=\"attachment-large size-large wp-image-6707\" alt=\"\" srcset=\"https:\/\/robinrosenbergfineart.com\/wp-content\/uploads\/2025\/11\/our-team-2025.jpg 912w, https:\/\/robinrosenbergfineart.com\/wp-content\/uploads\/2025\/11\/our-team-2025-300x243.jpg 300w, https:\/\/robinrosenbergfineart.com\/wp-content\/uploads\/2025\/11\/our-team-2025-768x623.jpg 768w\" sizes=\"(max-width: 912px) 100vw, 912px\" \/>\t\t\t\t\t\t\t\t\t\t\t\t\t\t\t<\/div>\n\t\t\t\t<\/div>\n\t\t\t\t\t<\/div>\n\t\t<\/div>\n\t\t\t\t<div class=\"elementor-column elementor-col-50 elementor-top-column elementor-element elementor-element-fd0aaae\" data-id=\"fd0aaae\" data-element_type=\"column\" data-e-type=\"column\">\n\t\t\t<div class=\"elementor-widget-wrap elementor-element-populated\">\n\t\t\t\t\t\t<div class=\"elementor-element elementor-element-75914df elementor-widget elementor-widget-heading\" data-id=\"75914df\" data-element_type=\"widget\" data-e-type=\"widget\" data-widget_type=\"heading.default\">\n\t\t\t\t<div class=\"elementor-widget-container\">\n\t\t\t\t\t<h2 class=\"elementor-heading-title elementor-size-default\">Pour communiquer avec nous<\/h2>\t\t\t\t<\/div>\n\t\t\t\t<\/div>\n\t\t\t\t<div class=\"elementor-element elementor-element-0e626d7 elementor-widget elementor-widget-text-editor\" data-id=\"0e626d7\" data-element_type=\"widget\" data-e-type=\"widget\" data-widget_type=\"text-editor.default\">\n\t\t\t\t<div class=\"elementor-widget-container\">\n\t\t\t\t\t\t\t\t\t<p>Veuillez remplir le formulaire ci-dessous et nous vous contacterons.<\/p>\t\t\t\t\t\t\t\t<\/div>\n\t\t\t\t<\/div>\n\t\t\t\t<div class=\"elementor-element elementor-element-073c18a elementor-widget elementor-widget-wpforms\" data-id=\"073c18a\" data-element_type=\"widget\" data-e-type=\"widget\" data-widget_type=\"wpforms.default\">\n\t\t\t\t<div class=\"elementor-widget-container\">\n\t\t\t\t\t<div class=\"wpforms-container wpforms-container-full wpform-form\" id=\"wpforms-5251\"><form id=\"wpforms-form-5251\" class=\"wpforms-validate wpforms-form wpforms-ajax-form\" data-formid=\"5251\" method=\"post\" enctype=\"multipart\/form-data\" action=\"\/fr\/wp-json\/wp\/v2\/pages\/4627\" data-token=\"0ae0f5569bb7c96a62772d27f389c82f\" data-token-time=\"1777364734\"><noscript class=\"wpforms-error-noscript\">Veuillez activer JavaScript dans votre navigateur pour remplir ce formulaire.<\/noscript><div class=\"wpforms-field-container\"><div id=\"wpforms-5251-field_0-container\" class=\"wpforms-field wpforms-field-name\" data-field-id=\"0\"><label class=\"wpforms-field-label wpforms-label-hide\" for=\"wpforms-5251-field_0\">Nom <span class=\"wpforms-required-label\">*<\/span><\/label><div class=\"wpforms-field-row wpforms-field-medium\"><div class=\"wpforms-field-row-block wpforms-first wpforms-one-half\"><input type=\"text\" id=\"wpforms-5251-field_0\" class=\"wpforms-field-name-first wpforms-field-required\" name=\"wpforms[fields][0][first]\" placeholder=\"Pr\u00e9nom\" required><label for=\"wpforms-5251-field_0\" class=\"wpforms-field-sublabel after wpforms-sublabel-hide\">Pr\u00e9nom<\/label><\/div><div class=\"wpforms-field-row-block wpforms-one-half\"><input type=\"text\" id=\"wpforms-5251-field_0-last\" class=\"wpforms-field-name-last wpforms-field-required\" name=\"wpforms[fields][0][last]\" placeholder=\"Nom\" required><label for=\"wpforms-5251-field_0-last\" class=\"wpforms-field-sublabel after wpforms-sublabel-hide\">Nom<\/label><\/div><\/div><\/div><div id=\"wpforms-5251-field_1-container\" class=\"wpforms-field wpforms-field-email\" data-field-id=\"1\"><label class=\"wpforms-field-label wpforms-label-hide\" for=\"wpforms-5251-field_1\">Courriel <span class=\"wpforms-required-label\">*<\/span><\/label><input type=\"email\" id=\"wpforms-5251-field_1\" class=\"wpforms-field-medium wpforms-field-required\" name=\"wpforms[fields][1]\" placeholder=\"Votre courriel\" spellcheck=\"false\" required><\/div><div id=\"wpforms-5251-field_4-container\" class=\"wpforms-field wpforms-field-text\" data-field-id=\"4\"><label class=\"wpforms-field-label wpforms-label-hide\" for=\"wpforms-5251-field_4\">T\u00e9l\u00e9phone <span class=\"wpforms-required-label\">*<\/span><\/label><input type=\"text\" id=\"wpforms-5251-field_4\" class=\"wpforms-field-medium wpforms-field-required wpforms-masked-input\" data-rule-inputmask-incomplete=\"1\" data-inputmask-mask=\"+1 (999)-999-9999\" name=\"wpforms[fields][4]\" placeholder=\"T\u00e9l\u00e9phone\" required><\/div><div id=\"wpforms-5251-field_2-container\" class=\"wpforms-field wpforms-field-textarea\" data-field-id=\"2\"><label class=\"wpforms-field-label wpforms-label-hide\" for=\"wpforms-5251-field_2\">Message <span class=\"wpforms-required-label\">*<\/span><\/label><textarea id=\"wpforms-5251-field_2\" class=\"wpforms-field-medium wpforms-field-required\" name=\"wpforms[fields][2]\" placeholder=\"Message\" required><\/textarea><\/div><div id=\"wpforms-5251-field_5-container\" class=\"wpforms-field wpforms-field-checkbox\" data-field-id=\"5\"><label class=\"wpforms-field-label wpforms-label-hide\">Newsletter<\/label><ul id=\"wpforms-5251-field_5\"><li class=\"choice-1 depth-1\"><input type=\"checkbox\" id=\"wpforms-5251-field_5_1\" name=\"wpforms[fields][5][]\" value=\"S\u2019abonner \u00e0 notre bulletin\"  ><label class=\"wpforms-field-label-inline\" for=\"wpforms-5251-field_5_1\">S\u2019abonner \u00e0 notre bulletin<\/label><\/li><\/ul><\/div><\/div><!-- .wpforms-field-container --><div class=\"wpforms-recaptcha-container wpforms-is-recaptcha wpforms-is-recaptcha-type-v2\" ><div class=\"g-recaptcha\" data-sitekey=\"6Ld1CLwaAAAAANkckXQRKxWEt3tEQA1SJSyMdgUe\"><\/div><input type=\"text\" name=\"g-recaptcha-hidden\" class=\"wpforms-recaptcha-hidden\" style=\"position:absolute!important;clip:rect(0,0,0,0)!important;height:1px!important;width:1px!important;border:0!important;overflow:hidden!important;padding:0!important;margin:0!important;\" data-rule-recaptcha=\"1\"><\/div><div class=\"wpforms-submit-container\" ><input type=\"hidden\" name=\"wpforms[id]\" value=\"5251\"><input type=\"hidden\" name=\"page_title\" value=\"\"><input type=\"hidden\" name=\"page_url\" value=\"https:\/\/robinrosenbergfineart.com\/fr\/wp-json\/wp\/v2\/pages\/4627\"><input type=\"hidden\" name=\"url_referer\" value=\"\"><button type=\"submit\" name=\"wpforms[submit]\" id=\"wpforms-submit-5251\" class=\"wpforms-submit wpform-submit-button\" data-alt-text=\"Sending...\" data-submit-text=\"Send\" aria-live=\"assertive\" value=\"wpforms-submit\">Send<\/button><img decoding=\"async\" src=\"https:\/\/robinrosenbergfineart.com\/wp-content\/plugins\/wpforms-lite\/assets\/images\/submit-spin.svg\" class=\"wpforms-submit-spinner\" style=\"display: none;\" width=\"26\" height=\"26\" alt=\"Chargement en cours\"><\/div><\/form><\/div>  <!-- .wpforms-container -->\t\t\t\t<\/div>\n\t\t\t\t<\/div>\n\t\t\t\t\t<\/div>\n\t\t<\/div>\n\t\t\t\t\t<\/div>\n\t\t<\/section>\n\t\t\t\t<\/div>\n\t\t","protected":false},"excerpt":{"rendered":"<p>Contact Nous avons votre vie priv\u00e9e \u00e0 c\u0153ur et vos renseignements demeureront confidentiels. Transmettez-nous votre liste de souhaits personnelle et, gr\u00e2ce \u00e0 notre vaste r\u00e9seau international, nous pouvons vous aider \u00e0 acheter ou \u00e0 vendre des \u0153uvres d\u2019art sp\u00e9cifiques. Robin Rosenberg Fine Art n\u2019accepte pas de propositions d\u2019artiste spontan\u00e9es. Pour communiquer avec nous Veuillez remplir [&hellip;]<\/p>\n","protected":false},"author":1,"featured_media":0,"parent":0,"menu_order":0,"comment_status":"closed","ping_status":"closed","template":"elementor_header_footer","meta":{"_acf_changed":false,"footnotes":""},"class_list":["post-4627","page","type-page","status-publish","hentry"],"acf":[],"yoast_head":"<!-- This site is optimized with the Yoast SEO plugin v27.4 - https:\/\/yoast.com\/product\/yoast-seo-wordpress\/ -->\n<title>Contact - Robin Rosenberg Fine Art<\/title>\n<meta name=\"description\" content=\"Veuillez remplir le formulaire ci-dessous et nous vous contacterons.\" \/>\n<meta name=\"robots\" content=\"index, follow, max-snippet:-1, max-image-preview:large, max-video-preview:-1\" \/>\n<link rel=\"canonical\" href=\"https:\/\/robinrosenbergfineart.com\/fr\/contact\/\" \/>\n<meta property=\"og:locale\" content=\"fr_FR\" \/>\n<meta property=\"og:type\" content=\"article\" \/>\n<meta property=\"og:title\" content=\"Contact - Robin Rosenberg Fine Art\" \/>\n<meta property=\"og:description\" content=\"Veuillez remplir le formulaire ci-dessous et nous vous contacterons.\" \/>\n<meta property=\"og:url\" content=\"https:\/\/robinrosenbergfineart.com\/fr\/contact\/\" \/>\n<meta property=\"og:site_name\" content=\"Robin Rosenberg Fine Art\" \/>\n<meta property=\"article:publisher\" content=\"https:\/\/www.facebook.com\/Robin-Rosenberg-Fine-Art-264974390191324\" \/>\n<meta property=\"article:modified_time\" content=\"2025-11-03T20:57:41+00:00\" \/>\n<meta property=\"og:image\" content=\"https:\/\/robinrosenbergfineart.com\/wp-content\/uploads\/2025\/11\/our-team-2025.jpg\" \/>\n<meta name=\"twitter:card\" content=\"summary_large_image\" \/>\n<script type=\"application\/ld+json\" class=\"yoast-schema-graph\">{\"@context\":\"https:\\\/\\\/schema.org\",\"@graph\":[{\"@type\":\"WebPage\",\"@id\":\"https:\\\/\\\/robinrosenbergfineart.com\\\/fr\\\/contact\\\/\",\"url\":\"https:\\\/\\\/robinrosenbergfineart.com\\\/fr\\\/contact\\\/\",\"name\":\"Contact - Robin Rosenberg Fine Art\",\"isPartOf\":{\"@id\":\"https:\\\/\\\/robinrosenbergfineart.com\\\/fr\\\/#website\"},\"primaryImageOfPage\":{\"@id\":\"https:\\\/\\\/robinrosenbergfineart.com\\\/fr\\\/contact\\\/#primaryimage\"},\"image\":{\"@id\":\"https:\\\/\\\/robinrosenbergfineart.com\\\/fr\\\/contact\\\/#primaryimage\"},\"thumbnailUrl\":\"https:\\\/\\\/robinrosenbergfineart.com\\\/wp-content\\\/uploads\\\/2025\\\/11\\\/our-team-2025.jpg\",\"datePublished\":\"2022-11-22T03:09:47+00:00\",\"dateModified\":\"2025-11-03T20:57:41+00:00\",\"description\":\"Veuillez remplir le formulaire ci-dessous et nous vous contacterons.\",\"breadcrumb\":{\"@id\":\"https:\\\/\\\/robinrosenbergfineart.com\\\/fr\\\/contact\\\/#breadcrumb\"},\"inLanguage\":\"fr-FR\",\"potentialAction\":[{\"@type\":\"ReadAction\",\"target\":[\"https:\\\/\\\/robinrosenbergfineart.com\\\/fr\\\/contact\\\/\"]}]},{\"@type\":\"ImageObject\",\"inLanguage\":\"fr-FR\",\"@id\":\"https:\\\/\\\/robinrosenbergfineart.com\\\/fr\\\/contact\\\/#primaryimage\",\"url\":\"https:\\\/\\\/robinrosenbergfineart.com\\\/wp-content\\\/uploads\\\/2025\\\/11\\\/our-team-2025.jpg\",\"contentUrl\":\"https:\\\/\\\/robinrosenbergfineart.com\\\/wp-content\\\/uploads\\\/2025\\\/11\\\/our-team-2025.jpg\"},{\"@type\":\"BreadcrumbList\",\"@id\":\"https:\\\/\\\/robinrosenbergfineart.com\\\/fr\\\/contact\\\/#breadcrumb\",\"itemListElement\":[{\"@type\":\"ListItem\",\"position\":1,\"name\":\"Home\",\"item\":\"https:\\\/\\\/robinrosenbergfineart.com\\\/fr\\\/\"},{\"@type\":\"ListItem\",\"position\":2,\"name\":\"Contact\"}]},{\"@type\":\"WebSite\",\"@id\":\"https:\\\/\\\/robinrosenbergfineart.com\\\/fr\\\/#website\",\"url\":\"https:\\\/\\\/robinrosenbergfineart.com\\\/fr\\\/\",\"name\":\"Robin Rosenberg Fine Art\",\"description\":\"Robin Rosenberg Fine Art (RRFA). An international, full-service fine-art firm that specializes in 20th &amp; 21st century Modern and Contemporary Art.\",\"publisher\":{\"@id\":\"https:\\\/\\\/robinrosenbergfineart.com\\\/fr\\\/#organization\"},\"potentialAction\":[{\"@type\":\"SearchAction\",\"target\":{\"@type\":\"EntryPoint\",\"urlTemplate\":\"https:\\\/\\\/robinrosenbergfineart.com\\\/fr\\\/?s={search_term_string}\"},\"query-input\":{\"@type\":\"PropertyValueSpecification\",\"valueRequired\":true,\"valueName\":\"search_term_string\"}}],\"inLanguage\":\"fr-FR\"},{\"@type\":\"Organization\",\"@id\":\"https:\\\/\\\/robinrosenbergfineart.com\\\/fr\\\/#organization\",\"name\":\"Robin Rosenberg Fine Art\",\"url\":\"https:\\\/\\\/robinrosenbergfineart.com\\\/fr\\\/\",\"logo\":{\"@type\":\"ImageObject\",\"inLanguage\":\"fr-FR\",\"@id\":\"https:\\\/\\\/robinrosenbergfineart.com\\\/fr\\\/#\\\/schema\\\/logo\\\/image\\\/\",\"url\":\"https:\\\/\\\/robinrosenbergfineart.com\\\/wp-content\\\/uploads\\\/2022\\\/10\\\/robin-rosenberg-fine-art-logo.png\",\"contentUrl\":\"https:\\\/\\\/robinrosenbergfineart.com\\\/wp-content\\\/uploads\\\/2022\\\/10\\\/robin-rosenberg-fine-art-logo.png\",\"width\":1251,\"height\":161,\"caption\":\"Robin Rosenberg Fine Art\"},\"image\":{\"@id\":\"https:\\\/\\\/robinrosenbergfineart.com\\\/fr\\\/#\\\/schema\\\/logo\\\/image\\\/\"},\"sameAs\":[\"https:\\\/\\\/www.facebook.com\\\/Robin-Rosenberg-Fine-Art-264974390191324\",\"https:\\\/\\\/www.instagram.com\\\/robinrosenbergfineart\\\/\",\"https:\\\/\\\/www.linkedin.com\\\/company\\\/67935935\\\/admin\\\/\"]}]}<\/script>\n<!-- \/ Yoast SEO plugin. -->","yoast_head_json":{"title":"Contact - Robin Rosenberg Fine Art","description":"Veuillez remplir le formulaire ci-dessous et nous vous contacterons.","robots":{"index":"index","follow":"follow","max-snippet":"max-snippet:-1","max-image-preview":"max-image-preview:large","max-video-preview":"max-video-preview:-1"},"canonical":"https:\/\/robinrosenbergfineart.com\/fr\/contact\/","og_locale":"fr_FR","og_type":"article","og_title":"Contact - Robin Rosenberg Fine Art","og_description":"Veuillez remplir le formulaire ci-dessous et nous vous contacterons.","og_url":"https:\/\/robinrosenbergfineart.com\/fr\/contact\/","og_site_name":"Robin Rosenberg Fine Art","article_publisher":"https:\/\/www.facebook.com\/Robin-Rosenberg-Fine-Art-264974390191324","article_modified_time":"2025-11-03T20:57:41+00:00","og_image":[{"url":"https:\/\/robinrosenbergfineart.com\/wp-content\/uploads\/2025\/11\/our-team-2025.jpg","type":"","width":"","height":""}],"twitter_card":"summary_large_image","schema":{"@context":"https:\/\/schema.org","@graph":[{"@type":"WebPage","@id":"https:\/\/robinrosenbergfineart.com\/fr\/contact\/","url":"https:\/\/robinrosenbergfineart.com\/fr\/contact\/","name":"Contact - Robin Rosenberg Fine Art","isPartOf":{"@id":"https:\/\/robinrosenbergfineart.com\/fr\/#website"},"primaryImageOfPage":{"@id":"https:\/\/robinrosenbergfineart.com\/fr\/contact\/#primaryimage"},"image":{"@id":"https:\/\/robinrosenbergfineart.com\/fr\/contact\/#primaryimage"},"thumbnailUrl":"https:\/\/robinrosenbergfineart.com\/wp-content\/uploads\/2025\/11\/our-team-2025.jpg","datePublished":"2022-11-22T03:09:47+00:00","dateModified":"2025-11-03T20:57:41+00:00","description":"Veuillez remplir le formulaire ci-dessous et nous vous contacterons.","breadcrumb":{"@id":"https:\/\/robinrosenbergfineart.com\/fr\/contact\/#breadcrumb"},"inLanguage":"fr-FR","potentialAction":[{"@type":"ReadAction","target":["https:\/\/robinrosenbergfineart.com\/fr\/contact\/"]}]},{"@type":"ImageObject","inLanguage":"fr-FR","@id":"https:\/\/robinrosenbergfineart.com\/fr\/contact\/#primaryimage","url":"https:\/\/robinrosenbergfineart.com\/wp-content\/uploads\/2025\/11\/our-team-2025.jpg","contentUrl":"https:\/\/robinrosenbergfineart.com\/wp-content\/uploads\/2025\/11\/our-team-2025.jpg"},{"@type":"BreadcrumbList","@id":"https:\/\/robinrosenbergfineart.com\/fr\/contact\/#breadcrumb","itemListElement":[{"@type":"ListItem","position":1,"name":"Home","item":"https:\/\/robinrosenbergfineart.com\/fr\/"},{"@type":"ListItem","position":2,"name":"Contact"}]},{"@type":"WebSite","@id":"https:\/\/robinrosenbergfineart.com\/fr\/#website","url":"https:\/\/robinrosenbergfineart.com\/fr\/","name":"Robin Rosenberg Fine Art","description":"Robin Rosenberg Fine Art (RRFA). An international, full-service fine-art firm that specializes in 20th &amp; 21st century Modern and Contemporary Art.","publisher":{"@id":"https:\/\/robinrosenbergfineart.com\/fr\/#organization"},"potentialAction":[{"@type":"SearchAction","target":{"@type":"EntryPoint","urlTemplate":"https:\/\/robinrosenbergfineart.com\/fr\/?s={search_term_string}"},"query-input":{"@type":"PropertyValueSpecification","valueRequired":true,"valueName":"search_term_string"}}],"inLanguage":"fr-FR"},{"@type":"Organization","@id":"https:\/\/robinrosenbergfineart.com\/fr\/#organization","name":"Robin Rosenberg Fine Art","url":"https:\/\/robinrosenbergfineart.com\/fr\/","logo":{"@type":"ImageObject","inLanguage":"fr-FR","@id":"https:\/\/robinrosenbergfineart.com\/fr\/#\/schema\/logo\/image\/","url":"https:\/\/robinrosenbergfineart.com\/wp-content\/uploads\/2022\/10\/robin-rosenberg-fine-art-logo.png","contentUrl":"https:\/\/robinrosenbergfineart.com\/wp-content\/uploads\/2022\/10\/robin-rosenberg-fine-art-logo.png","width":1251,"height":161,"caption":"Robin Rosenberg Fine Art"},"image":{"@id":"https:\/\/robinrosenbergfineart.com\/fr\/#\/schema\/logo\/image\/"},"sameAs":["https:\/\/www.facebook.com\/Robin-Rosenberg-Fine-Art-264974390191324","https:\/\/www.instagram.com\/robinrosenbergfineart\/","https:\/\/www.linkedin.com\/company\/67935935\/admin\/"]}]}},"_links":{"self":[{"href":"https:\/\/robinrosenbergfineart.com\/fr\/wp-json\/wp\/v2\/pages\/4627","targetHints":{"allow":["GET"]}}],"collection":[{"href":"https:\/\/robinrosenbergfineart.com\/fr\/wp-json\/wp\/v2\/pages"}],"about":[{"href":"https:\/\/robinrosenbergfineart.com\/fr\/wp-json\/wp\/v2\/types\/page"}],"author":[{"embeddable":true,"href":"https:\/\/robinrosenbergfineart.com\/fr\/wp-json\/wp\/v2\/users\/1"}],"replies":[{"embeddable":true,"href":"https:\/\/robinrosenbergfineart.com\/fr\/wp-json\/wp\/v2\/comments?post=4627"}],"version-history":[{"count":24,"href":"https:\/\/robinrosenbergfineart.com\/fr\/wp-json\/wp\/v2\/pages\/4627\/revisions"}],"predecessor-version":[{"id":6713,"href":"https:\/\/robinrosenbergfineart.com\/fr\/wp-json\/wp\/v2\/pages\/4627\/revisions\/6713"}],"wp:attachment":[{"href":"https:\/\/robinrosenbergfineart.com\/fr\/wp-json\/wp\/v2\/media?parent=4627"}],"curies":[{"name":"wp","href":"https:\/\/api.w.org\/{rel}","templated":true}]}}